{"id":17271,"date":"2024-02-17T10:37:17","date_gmt":"2024-02-17T10:37:17","guid":{"rendered":"https:\/\/www.ipashcompany.com\/?page_id=17271"},"modified":"2024-02-17T10:46:12","modified_gmt":"2024-02-17T10:46:12","slug":"simental-cattle","status":"publish","type":"page","link":"https:\/\/www.ribashcompany.com\/ar\/simental-cattle\/","title":{"rendered":"\u0645\u0627\u0634\u064a\u0629 \u0633\u064a\u0645\u064a\u0646\u062a\u0627\u0644"},"content":{"rendered":"<div data-elementor-type=\"wp-page\" data-elementor-id=\"17271\" class=\"elementor elementor-17271\" data-elementor-post-type=\"page\">\n\t\t\t\t<div class=\"elementor-element elementor-element-5d631ca e-flex e-con-boxed magic-button-disabled-no e-con e-parent\" data-id=\"5d631ca\" data-element_type=\"container\">\n\t\t\t\t\t<div class=\"e-con-inner\">\n\t\t\t\t<div class=\"elementor-element elementor-element-927a3a3 elementor-widget elementor-widget-image\" data-id=\"927a3a3\" data-element_type=\"widget\" data-widget_type=\"image.default\">\n\t\t\t\t<div class=\"elementor-widget-container\">\n\t\t\t<style>\/*! elementor - v3.21.0 - 26-05-2024 *\/\n.elementor-widget-image{text-align:center}.elementor-widget-image a{display:inline-block}.elementor-widget-image a img[src$=\".svg\"]{width:48px}.elementor-widget-image img{vertical-align:middle;display:inline-block}<\/style>\t\t\t\t\t\t\t\t\t\t<img fetchpriority=\"high\" decoding=\"async\" width=\"300\" height=\"168\" src=\"https:\/\/www.ribashcompany.com\/wp-content\/uploads\/2024\/02\/SIMENTAL-CATTLE.jpg\" class=\"attachment-2048x2048 size-2048x2048 wp-image-17273\" alt=\"\" srcset=\"https:\/\/www.ribashcompany.com\/wp-content\/uploads\/2024\/02\/SIMENTAL-CATTLE.jpg 300w, https:\/\/www.ribashcompany.com\/wp-content\/uploads\/2024\/02\/SIMENTAL-CATTLE-18x10.jpg 18w\" sizes=\"(max-width: 300px) 100vw, 300px\" \/>\t\t\t\t\t\t\t\t\t\t\t\t\t<\/div>\n\t\t\t\t<\/div>\n\t\t\t\t\t<\/div>\n\t\t\t\t<\/div>\n\t\t<div class=\"elementor-element elementor-element-499b5c0 e-flex e-con-boxed magic-button-disabled-no e-con e-parent\" data-id=\"499b5c0\" data-element_type=\"container\">\n\t\t\t\t\t<div class=\"e-con-inner\">\n\t\t\t\t<div class=\"elementor-element elementor-element-2b7a4e8 elementor-widget elementor-widget-text-editor\" data-id=\"2b7a4e8\" data-element_type=\"widget\" data-widget_type=\"text-editor.default\">\n\t\t\t\t<div class=\"elementor-widget-container\">\n\t\t\t<style>\/*! elementor - v3.21.0 - 26-05-2024 *\/\n.elementor-widget-text-editor.elementor-drop-cap-view-stacked .elementor-drop-cap{background-color:#69727d;color:#fff}.elementor-widget-text-editor.elementor-drop-cap-view-framed .elementor-drop-cap{color:#69727d;border:3px solid;background-color:transparent}.elementor-widget-text-editor:not(.elementor-drop-cap-view-default) .elementor-drop-cap{margin-top:8px}.elementor-widget-text-editor:not(.elementor-drop-cap-view-default) .elementor-drop-cap-letter{width:1em;height:1em}.elementor-widget-text-editor .elementor-drop-cap{float:left;text-align:center;line-height:1;font-size:50px}.elementor-widget-text-editor .elementor-drop-cap-letter{display:inline-block}<\/style>\t\t\t\t<p style=\"margin-right: 0px; margin-bottom: 15px; margin-left: 0px; padding: 0px; border: 0px; font-variant-numeric: inherit; font-variant-east-asian: inherit; font-variant-alternates: inherit; font-variant-position: inherit; font-stretch: inherit; font-size: 13px; line-height: inherit; font-family: Inder, Arial, Tahoma, sans-serif; font-optical-sizing: inherit; font-kerning: inherit; font-feature-settings: inherit; font-variation-settings: inherit; vertical-align: baseline; color: rgb(98, 98, 98); background-color: rgb(252, 252, 252);\">\u0639\u0644\u0649 \u0627\u0644\u0631\u063a\u0645 \u0645\u0646 \u0623\u0646 \u0645\u0648\u0637\u0646\u0647\u0627 \u0647\u0648 \u0633\u0648\u064a\u0633\u0631\u0627\u060c \u0625\u0644\u0627 \u0623\u0646\u0647\u0627 \u062a\u0646\u0645\u0648 \u0641\u064a \u0627\u0644\u063a\u0627\u0644\u0628 \u0641\u064a \u0627\u0644\u0646\u0645\u0633\u0627 \u0648\u0623\u0644\u0645\u0627\u0646\u064a\u0627. \u062a\u062d\u062a\u0644 \u0628\u0642\u0631\u0629 Simmental \u0627\u0644\u0645\u0631\u062a\u0628\u0629 \u0627\u0644\u062b\u0627\u0646\u064a\u0629 \u0645\u0646 \u062d\u064a\u062b \u0639\u062f\u062f \u0623\u0628\u0642\u0627\u0631 \u0627\u0644\u0623\u0644\u0628\u0627\u0646 \u0641\u064a \u0627\u0644\u0639\u0627\u0644\u0645 \u0648\u0641\u064a \u0628\u0644\u0627\u062f\u0646\u0627. \u062a\u062d\u062a\u0644 \u0623\u0628\u0642\u0627\u0631 \u0627\u0644\u0647\u0648\u0644\u0634\u062a\u0627\u064a\u0646 \u0627\u0644\u0645\u0631\u062a\u0628\u0629 \u0627\u0644\u0623\u0648\u0644\u0649 \u0645\u0646 \u062d\u064a\u062b \u0627\u0644\u0639\u062f\u062f. \u064a\u062a\u0645 \u062a\u0631\u0628\u064a\u0629 \u062d\u064a\u0648\u0627\u0646\u0627\u062a Simmental\u060c \u0648\u0647\u064a \u0633\u0644\u0627\u0644\u0629 \u0645\u0627\u0634\u064a\u0629 \u0645\u0634\u062a\u0631\u0643\u0629\u060c \u0645\u0646 \u0623\u062c\u0644 \u0627\u0644\u0644\u062d\u0648\u0645 \u0648\u0627\u0644\u062d\u0644\u064a\u0628.<\/p><p style=\"margin-right: 0px; margin-bottom: 15px; margin-left: 0px; padding: 0px; border: 0px; font-variant-numeric: inherit; font-variant-east-asian: inherit; font-variant-alternates: inherit; font-variant-position: inherit; font-stretch: inherit; font-size: 13px; line-height: inherit; font-family: Inder, Arial, Tahoma, sans-serif; font-optical-sizing: inherit; font-kerning: inherit; font-feature-settings: inherit; font-variation-settings: inherit; vertical-align: baseline; color: rgb(98, 98, 98); background-color: rgb(252, 252, 252);\">\u062d\u064a\u0648\u0627\u0646\u0627\u062a \u0627\u0644\u0633\u064a\u0645\u064a\u0646\u062a\u0627\u0644 \u0647\u064a \u0625\u062d\u062f\u0649 \u0633\u0644\u0627\u0644\u0627\u062a \u0627\u0644\u0645\u0627\u0634\u064a\u0629 \u0627\u0644\u062a\u064a \u062a\u062a\u0645\u064a\u0632 \u0628\u0645\u0638\u0647\u0631\u0647\u0627 \u0627\u0644\u062c\u0630\u0627\u0628\u060c \u0648\u064a\u0643\u0648\u0646 \u0644\u0648\u0646 \u0627\u0644\u0631\u0623\u0633 \u0639\u0627\u062f\u0629 \u0623\u0628\u064a\u0636 \u0627\u0644\u0644\u0648\u0646\u060c \u0648\u0627\u0644\u062c\u0633\u0645 \u0644\u0648\u0646\u0647 \u0623\u062d\u0645\u0631 \u0648\u0623\u0628\u064a\u0636 \u0645\u0639 \u0648\u062c\u0648\u062f \u0628\u0642\u0639 \u062d\u0645\u0631\u0627\u0621 \u0648\u0644\u0647 \u0645\u0638\u0647\u0631 \u0645\u0645\u064a\u0632 \u0645\u0639 \u0623\u0644\u0648\u0627\u0646 \u0628\u064a\u064a\u0647 \u0635\u0641\u0631\u0627\u0621. \u0648\u0628\u0647\u0630\u0627 \u0627\u0644\u062c\u0627\u0646\u0628\u060c \u0641\u0642\u062f \u062c\u0630\u0628\u062a \u062f\u0627\u0626\u0645\u064b\u0627 \u0627\u0646\u062a\u0628\u0627\u0647 \u0645\u0631\u0628\u064a \u0627\u0644\u0645\u0627\u0634\u064a\u0629.<\/p><p style=\"margin-right: 0px; margin-bottom: 15px; margin-left: 0px; padding: 0px; border: 0px; font-variant-numeric: inherit; font-variant-east-asian: inherit; font-variant-alternates: inherit; font-variant-position: inherit; font-stretch: inherit; font-size: 13px; line-height: inherit; font-family: Inder, Arial, Tahoma, sans-serif; font-optical-sizing: inherit; font-kerning: inherit; font-feature-settings: inherit; font-variation-settings: inherit; vertical-align: baseline; color: rgb(98, 98, 98); background-color: rgb(252, 252, 252);\">\u062a\u0639\u062f \u062d\u064a\u0648\u0627\u0646\u0627\u062a \u0627\u0644\u0633\u064a\u0645\u0646\u062a\u0627\u0644 \u0645\u0646 \u0633\u0644\u0627\u0644\u0627\u062a \u0627\u0644\u0645\u0627\u0634\u064a\u0629 \u0627\u0644\u0645\u0637\u0644\u0648\u0628\u0629 \u0644\u0644\u062a\u0633\u0645\u064a\u0646\u060c \u0648\u064a\u0635\u0644 \u0627\u0644\u0648\u0632\u0646 \u0627\u0644\u062d\u064a \u0627\u0644\u064a\u0648\u0645\u064a \u0644\u0639\u062c\u0648\u0644 \u0627\u0644\u0633\u064a\u0645\u0646\u062a\u0627\u0644 \u0627\u0644\u0645\u0623\u062e\u0648\u0630\u0629 \u0644\u0644\u062a\u0633\u0645\u064a\u0646 \u0645\u0627 \u064a\u0642\u0627\u0631\u0628 1100 \u0625\u0644\u0649 1300 \u062c\u0631\u0627\u0645. \u0643\u0645\u0627 \u0623\u0646\u0647 \u0645\u0641\u0636\u0644 \u0623\u064a\u0636\u064b\u0627 \u0646\u0638\u0631\u064b\u0627 \u0644\u062a\u0643\u064a\u0641\u0647 \u0645\u0639 \u0627\u0644\u0645\u0646\u0627\u062e \u0648\u0627\u0644\u0638\u0631\u0648\u0641 \u0627\u0644\u0628\u064a\u0626\u064a\u0629 \u0644\u0628\u0644\u062f\u0646\u0627. \u062d\u064a\u0648\u0627\u0646\u0627\u062a Simmental \u062c\u064a\u062f\u0629 \u0645\u0646 \u062d\u064a\u062b \u0625\u0646\u062a\u0627\u062c\u064a\u0629 \u0627\u0644\u0644\u062d\u0648\u0645. \u064a\u0628\u0644\u063a \u0625\u0646\u062a\u0627\u062c \u0627\u0644\u0644\u062d\u0648\u0645 \u062d\u0648\u0627\u0644\u064a % 60 \u2013 62.<\/p><p style=\"margin-right: 0px; margin-bottom: 15px; margin-left: 0px; padding: 0px; border: 0px; font-variant-numeric: inherit; font-variant-east-asian: inherit; font-variant-alternates: inherit; font-variant-position: inherit; font-stretch: inherit; font-size: 13px; line-height: inherit; font-family: Inder, Arial, Tahoma, sans-serif; font-optical-sizing: inherit; font-kerning: inherit; font-feature-settings: inherit; font-variation-settings: inherit; vertical-align: baseline; color: rgb(98, 98, 98); background-color: rgb(252, 252, 252);\">\u0625\u0630\u0627 \u062a\u0645 \u0641\u062d\u0635 \u0623\u0628\u0642\u0627\u0631 \u0627\u0644\u0633\u064a\u0645\u064a\u0646\u062a\u0627\u0644 \u0645\u0646 \u062d\u064a\u062b \u0625\u0646\u062a\u0627\u062c \u0627\u0644\u062d\u0644\u064a\u0628 \u0641\u0625\u0646 \u0641\u062a\u0631\u0629 \u0627\u0644\u0631\u0636\u0627\u0639\u0629 \u062a\u0643\u0648\u0646 300 \u064a\u0648\u0645. \u064a\u0628\u0644\u063a \u0645\u062a\u0648\u0633\u0637 \u0625\u0646\u062a\u0627\u062c \u062d\u0644\u064a\u0628 \u0627\u0644\u0628\u0642\u0631 \u062e\u0644\u0627\u0644 \u0641\u062a\u0631\u0629 \u0627\u0644\u0631\u0636\u0627\u0639\u0629 \u0641\u064a \u0638\u0644 \u0638\u0631\u0648\u0641 \u0627\u0644\u0631\u0639\u0627\u064a\u0629 \u0641\u064a \u0628\u0644\u0627\u062f\u0646\u0627 6000 \u0643\u062c\u0645. \u062a\u0628\u0644\u063a \u0646\u0633\u0628\u0629 \u0627\u0644\u062f\u0647\u0648\u0646 \u0641\u064a \u0627\u0644\u062d\u0644\u064a\u0628 \u062d\u0648\u0627\u0644\u064a % 3.5 \u2013 4. (\u0642\u062f \u064a\u062e\u062a\u0644\u0641 \u062d\u0633\u0628 \u0627\u0644\u062a\u063a\u0630\u064a\u0629). \u0639\u0645\u0631 \u0627\u0644\u0648\u0644\u0627\u062f\u0629 \u0627\u0644\u0623\u0648\u0644 \u0647\u0648 30 \u0634\u0647\u0631\u064b\u0627.<\/p><p style=\"margin-right: 0px; margin-bottom: 15px; margin-left: 0px; padding: 0px; border: 0px; font-variant-numeric: inherit; font-variant-east-asian: inherit; font-variant-alternates: inherit; font-variant-position: inherit; font-stretch: inherit; font-size: 13px; line-height: inherit; font-family: Inder, Arial, Tahoma, sans-serif; font-optical-sizing: inherit; font-kerning: inherit; font-feature-settings: inherit; font-variation-settings: inherit; vertical-align: baseline; color: rgb(98, 98, 98); background-color: rgb(252, 252, 252);\">\u0625\u0646\u0647\u0627 \u062a\u062a\u0643\u064a\u0641 \u062c\u064a\u062f\u064b\u0627 \u0645\u0639 \u0627\u0644\u0638\u0631\u0648\u0641 \u0627\u0644\u0628\u064a\u0626\u064a\u0629 \u0648\u0627\u0644\u0645\u0646\u0627\u062e\u064a\u0629 \u0644\u0628\u0644\u062f\u0646\u0627. \u0647\u0645 \u0623\u0643\u062b\u0631 \u0645\u0642\u0627\u0648\u0645\u0629 \u0644\u0644\u0623\u0645\u0631\u0627\u0636 \u0645\u0646 \u0627\u0644\u0633\u0644\u0627\u0644\u0627\u062a \u0627\u0644\u0623\u062e\u0631\u0649. \u064a\u0645\u0643\u0646 \u0632\u0631\u0627\u0639\u062a\u0647 \u0641\u064a \u062c\u0645\u064a\u0639 \u0645\u0646\u0627\u0637\u0642\u0646\u0627.<\/p><p style=\"margin-right: 0px; margin-bottom: 15px; margin-left: 0px; padding: 0px; border: 0px; font-variant-numeric: inherit; font-variant-east-asian: inherit; font-variant-alternates: inherit; font-variant-position: inherit; font-stretch: inherit; font-size: 13px; line-height: inherit; font-family: Inder, Arial, Tahoma, sans-serif; font-optical-sizing: inherit; font-kerning: inherit; font-feature-settings: inherit; font-variation-settings: inherit; vertical-align: baseline; color: rgb(98, 98, 98); background-color: rgb(252, 252, 252);\">\u0625\u0646\u0647\u0627 \u0633\u0644\u0627\u0644\u0629 \u0645\u062c\u062a\u0645\u0639\u0629. \u0648\u0639\u0646\u062f \u062a\u0633\u0645\u064a\u0646\u0647 \u0641\u0625\u0646\u0647 \u064a\u0645\u062a\u0644\u0643 \u0627\u0644\u0642\u062f\u0631\u0629 \u0639\u0644\u0649 \u062a\u062d\u0648\u064a\u0644 \u0627\u0644\u0639\u0644\u0641 \u0625\u0644\u0649 \u0644\u062d\u0645 \u0628\u0623\u0641\u0636\u0644 \u0627\u0644\u0637\u0631\u0642. \u064a\u0645\u0643\u0646 \u0644\u0623\u0628\u0642\u0627\u0631 Simmental \u062a\u062d\u0648\u064a\u0644 \u0627\u0644\u0639\u0644\u0641 \u0627\u0644\u0630\u064a \u062a\u062a\u0646\u0627\u0648\u0644\u0647 \u0625\u0644\u0649 \u062d\u0644\u064a\u0628 \u0628\u0623\u0641\u0636\u0644 \u0637\u0631\u064a\u0642\u0629 \u0645\u0645\u0643\u0646\u0629.<\/p>\t\t\t\t\t\t<\/div>\n\t\t\t\t<\/div>\n\t\t\t\t\t<\/div>\n\t\t\t\t<\/div>\n\t\t\t\t<\/div>","protected":false},"excerpt":{"rendered":"<p>\u0639\u0644\u0649 \u0627\u0644\u0631\u063a\u0645 \u0645\u0646 \u0623\u0646 \u0623\u0628\u0642\u0627\u0631 \u0633\u064a\u0645\u064a\u0646\u062a\u0627\u0644 \u0645\u0648\u0637\u0646\u0647\u0627 \u0633\u0648\u064a\u0633\u0631\u0627\u060c \u0625\u0644\u0627 \u0623\u0646\u0647\u0627 \u062a\u064f\u0631\u0628\u0649 \u0628\u0634\u0643\u0644 \u0631\u0626\u064a\u0633\u064a \u0641\u064a \u0627\u0644\u0646\u0645\u0633\u0627 \u0648\u0623\u0644\u0645\u0627\u0646\u064a\u0627. \u062a\u062d\u062a\u0644 \u0623\u0628\u0642\u0627\u0631 \u0633\u064a\u0645\u064a\u0646\u062a\u0627\u0644 \u0627\u0644\u0645\u0631\u062a\u0628\u0629 \u0627\u0644\u062b\u0627\u0646\u064a\u0629 \u0639\u0627\u0644\u0645\u064a\u064b\u0627 \u0648\u0641\u064a \u062a\u0631\u0643\u064a\u0627 \u0645\u0646 \u062d\u064a\u062b \u0623\u0639\u062f\u0627\u062f \u0645\u0632\u0627\u0631\u0639 \u0627\u0644\u0623\u0644\u0628\u0627\u0646. \u0623\u0645\u0627 \u0623\u0628\u0642\u0627\u0631 \u0647\u0648\u0644\u0634\u062a\u0627\u064a\u0646 \u0641\u062a\u062d\u062a\u0644 \u0627\u0644\u0645\u0631\u062a\u0628\u0629 \u0627\u0644\u0623\u0648\u0644\u0649 \u0645\u0646 \u062d\u064a\u062b \u0627\u0644\u0623\u0639\u062f\u0627\u062f. \u062a\u064f\u0631\u0628\u0649 \u0623\u0628\u0642\u0627\u0631 \u0633\u064a\u0645\u064a\u0646\u062a\u0627\u0644\u060c \u0648\u0647\u064a \u0633\u0644\u0627\u0644\u0629 \u0623\u0628\u0642\u0627\u0631 \u0645\u062e\u062a\u0644\u0637\u0629\u060c \u0644\u0644\u062d\u0635\u0648\u0644 \u0639\u0644\u0649 \u0627\u0644\u0644\u062d\u0645 \u0648\u0627\u0644\u062d\u0644\u064a\u0628. \u062a\u062a\u0645\u064a\u0632 \u0633\u064a\u0645\u064a\u0646\u062a\u0627\u0644 \u0628\u062c\u0627\u0630\u0628\u064a\u062a\u0647\u0627 \u0627\u0644\u0644\u0627\u0641\u062a\u0629. \u0639\u0627\u062f\u0629\u064b \u0645\u0627 \u064a\u0643\u0648\u0646 \u0631\u0623\u0633\u0647\u0627 \u0623\u0628\u064a\u0636 \u0627\u0644\u0644\u0648\u0646\u060c \u0628\u064a\u0646\u0645\u0627 \u064a\u0643\u0648\u0646 \u062c\u0633\u0645\u0647\u0627 \u0623\u062d\u0645\u0631 \u0648\u0623\u0628\u064a\u0636 [...]<\/p>","protected":false},"author":1,"featured_media":0,"parent":0,"menu_order":0,"comment_status":"closed","ping_status":"closed","template":"","meta":{"footnotes":""},"class_list":["post-17271","page","type-page","status-publish","hentry"],"yoast_head":"<!-- This site is optimized with the Yoast SEO plugin v22.8 - https:\/\/yoast.com\/wordpress\/plugins\/seo\/ -->\n<title>S\u0130MENTAL CATTLE - Ribash Company<\/title>\n<meta name=\"robots\" content=\"index, follow, max-snippet:-1, max-image-preview:large, max-video-preview:-1\" \/>\n<link rel=\"canonical\" href=\"https:\/\/www.ribashcompany.com\/ar\/simental-cattle\/\" \/>\n<meta property=\"og:locale\" content=\"ar_AR\" \/>\n<meta property=\"og:type\" content=\"article\" \/>\n<meta property=\"og:title\" content=\"S\u0130MENTAL CATTLE - Ribash Company\" \/>\n<meta property=\"og:description\" content=\"Anavatan\u0131 \u0130svi\u00e7re olmakla beraber daha \u00e7ok Avusturya ve Almanya\u2019da yeti\u015ftirilmektedir. D\u00fcnyada ve \u00fclkemizde s\u00fct inek\u00e7ili\u011fi say\u0131s\u0131 bak\u0131m\u0131ndan Simental inek, ikinci s\u0131rada bulunmaktad\u0131r. Holstein \u0131rk\u0131 inekler, say\u0131 bak\u0131m\u0131ndan birinci s\u0131radad\u0131r. Kombine s\u0131\u011f\u0131r \u0131rk\u0131 olma \u00f6zelli\u011fi ta\u015f\u0131yan Simental hayvanlar eti ve s\u00fct\u00fc i\u00e7in yeti\u015ftirilmektedir. Simental hayvanlar g\u00f6r\u00fcn\u00fcm olarak albenisi olan s\u0131\u011f\u0131r \u0131rklar\u0131ndand\u0131r.Ba\u015f tipik olarak beyazd\u0131r.Beden k\u0131rm\u0131z\u0131 beyaz [&hellip;]\" \/>\n<meta property=\"og:url\" content=\"https:\/\/www.ribashcompany.com\/ar\/simental-cattle\/\" \/>\n<meta property=\"og:site_name\" content=\"Ribash Company\" \/>\n<meta property=\"article:modified_time\" content=\"2024-02-17T10:46:12+00:00\" \/>\n<meta property=\"og:image\" content=\"http:\/\/www.ribashcompany.com\/wp-content\/uploads\/2024\/02\/SIMENTAL-CATTLE.jpg\" \/>\n<meta name=\"twitter:card\" content=\"summary_large_image\" \/>\n<meta name=\"twitter:label1\" content=\"\u0648\u0642\u062a \u0627\u0644\u0642\u0631\u0627\u0621\u0629 \u0627\u0644\u0645\u064f\u0642\u062f\u0651\u0631\" \/>\n\t<meta name=\"twitter:data1\" content=\"\u062f\u0642\u064a\u0642\u062a\u0627\u0646\" \/>\n<script type=\"application\/ld+json\" class=\"yoast-schema-graph\">{\"@context\":\"https:\/\/schema.org\",\"@graph\":[{\"@type\":\"WebPage\",\"@id\":\"https:\/\/www.ribashcompany.com\/ar\/simental-cattle\/\",\"url\":\"https:\/\/www.ribashcompany.com\/ar\/simental-cattle\/\",\"name\":\"S\u0130MENTAL CATTLE - Ribash Company\",\"isPartOf\":{\"@id\":\"\/#website\"},\"primaryImageOfPage\":{\"@id\":\"https:\/\/www.ribashcompany.com\/ar\/simental-cattle\/#primaryimage\"},\"image\":{\"@id\":\"https:\/\/www.ribashcompany.com\/ar\/simental-cattle\/#primaryimage\"},\"thumbnailUrl\":\"http:\/\/www.ribashcompany.com\/wp-content\/uploads\/2024\/02\/SIMENTAL-CATTLE.jpg\",\"datePublished\":\"2024-02-17T10:37:17+00:00\",\"dateModified\":\"2024-02-17T10:46:12+00:00\",\"breadcrumb\":{\"@id\":\"https:\/\/www.ribashcompany.com\/ar\/simental-cattle\/#breadcrumb\"},\"inLanguage\":\"ar\",\"potentialAction\":[{\"@type\":\"ReadAction\",\"target\":[\"https:\/\/www.ribashcompany.com\/ar\/simental-cattle\/\"]}]},{\"@type\":\"ImageObject\",\"inLanguage\":\"ar\",\"@id\":\"https:\/\/www.ribashcompany.com\/ar\/simental-cattle\/#primaryimage\",\"url\":\"http:\/\/www.ribashcompany.com\/wp-content\/uploads\/2024\/02\/SIMENTAL-CATTLE.jpg\",\"contentUrl\":\"http:\/\/www.ribashcompany.com\/wp-content\/uploads\/2024\/02\/SIMENTAL-CATTLE.jpg\"},{\"@type\":\"BreadcrumbList\",\"@id\":\"https:\/\/www.ribashcompany.com\/ar\/simental-cattle\/#breadcrumb\",\"itemListElement\":[{\"@type\":\"ListItem\",\"position\":1,\"name\":\"Anasayfa\",\"item\":\"https:\/\/www.ribashcompany.com\/\"},{\"@type\":\"ListItem\",\"position\":2,\"name\":\"S\u0130MENTAL CATTLE\"}]},{\"@type\":\"WebSite\",\"@id\":\"\/#website\",\"url\":\"\/\",\"name\":\"Ribash Company\",\"description\":\"\",\"potentialAction\":[{\"@type\":\"SearchAction\",\"target\":{\"@type\":\"EntryPoint\",\"urlTemplate\":\"\/?s={search_term_string}\"},\"query-input\":\"required name=search_term_string\"}],\"inLanguage\":\"ar\"}]}<\/script>\n<!-- \/ Yoast SEO plugin. -->","yoast_head_json":{"title":"S\u0130MENTAL CATTLE - Ribash Company","robots":{"index":"index","follow":"follow","max-snippet":"max-snippet:-1","max-image-preview":"max-image-preview:large","max-video-preview":"max-video-preview:-1"},"canonical":"https:\/\/www.ribashcompany.com\/ar\/simental-cattle\/","og_locale":"ar_AR","og_type":"article","og_title":"S\u0130MENTAL CATTLE - Ribash Company","og_description":"Anavatan\u0131 \u0130svi\u00e7re olmakla beraber daha \u00e7ok Avusturya ve Almanya\u2019da yeti\u015ftirilmektedir. D\u00fcnyada ve \u00fclkemizde s\u00fct inek\u00e7ili\u011fi say\u0131s\u0131 bak\u0131m\u0131ndan Simental inek, ikinci s\u0131rada bulunmaktad\u0131r. Holstein \u0131rk\u0131 inekler, say\u0131 bak\u0131m\u0131ndan birinci s\u0131radad\u0131r. Kombine s\u0131\u011f\u0131r \u0131rk\u0131 olma \u00f6zelli\u011fi ta\u015f\u0131yan Simental hayvanlar eti ve s\u00fct\u00fc i\u00e7in yeti\u015ftirilmektedir. Simental hayvanlar g\u00f6r\u00fcn\u00fcm olarak albenisi olan s\u0131\u011f\u0131r \u0131rklar\u0131ndand\u0131r.Ba\u015f tipik olarak beyazd\u0131r.Beden k\u0131rm\u0131z\u0131 beyaz [&hellip;]","og_url":"https:\/\/www.ribashcompany.com\/ar\/simental-cattle\/","og_site_name":"Ribash Company","article_modified_time":"2024-02-17T10:46:12+00:00","og_image":[{"url":"http:\/\/www.ribashcompany.com\/wp-content\/uploads\/2024\/02\/SIMENTAL-CATTLE.jpg"}],"twitter_card":"summary_large_image","twitter_misc":{"\u0648\u0642\u062a \u0627\u0644\u0642\u0631\u0627\u0621\u0629 \u0627\u0644\u0645\u064f\u0642\u062f\u0651\u0631":"\u062f\u0642\u064a\u0642\u062a\u0627\u0646"},"schema":{"@context":"https:\/\/schema.org","@graph":[{"@type":"WebPage","@id":"https:\/\/www.ribashcompany.com\/ar\/simental-cattle\/","url":"https:\/\/www.ribashcompany.com\/ar\/simental-cattle\/","name":"S\u0130MENTAL CATTLE - Ribash Company","isPartOf":{"@id":"\/#website"},"primaryImageOfPage":{"@id":"https:\/\/www.ribashcompany.com\/ar\/simental-cattle\/#primaryimage"},"image":{"@id":"https:\/\/www.ribashcompany.com\/ar\/simental-cattle\/#primaryimage"},"thumbnailUrl":"http:\/\/www.ribashcompany.com\/wp-content\/uploads\/2024\/02\/SIMENTAL-CATTLE.jpg","datePublished":"2024-02-17T10:37:17+00:00","dateModified":"2024-02-17T10:46:12+00:00","breadcrumb":{"@id":"https:\/\/www.ribashcompany.com\/ar\/simental-cattle\/#breadcrumb"},"inLanguage":"ar","potentialAction":[{"@type":"ReadAction","target":["https:\/\/www.ribashcompany.com\/ar\/simental-cattle\/"]}]},{"@type":"ImageObject","inLanguage":"ar","@id":"https:\/\/www.ribashcompany.com\/ar\/simental-cattle\/#primaryimage","url":"http:\/\/www.ribashcompany.com\/wp-content\/uploads\/2024\/02\/SIMENTAL-CATTLE.jpg","contentUrl":"http:\/\/www.ribashcompany.com\/wp-content\/uploads\/2024\/02\/SIMENTAL-CATTLE.jpg"},{"@type":"BreadcrumbList","@id":"https:\/\/www.ribashcompany.com\/ar\/simental-cattle\/#breadcrumb","itemListElement":[{"@type":"ListItem","position":1,"name":"Anasayfa","item":"https:\/\/www.ribashcompany.com\/"},{"@type":"ListItem","position":2,"name":"S\u0130MENTAL CATTLE"}]},{"@type":"WebSite","@id":"\/#website","url":"\/","name":"Ribash Company","description":"","potentialAction":[{"@type":"SearchAction","target":{"@type":"EntryPoint","urlTemplate":"\/?s={search_term_string}"},"query-input":"required name=search_term_string"}],"inLanguage":"ar"}]}},"_links":{"self":[{"href":"https:\/\/www.ribashcompany.com\/ar\/wp-json\/wp\/v2\/pages\/17271","targetHints":{"allow":["GET"]}}],"collection":[{"href":"https:\/\/www.ribashcompany.com\/ar\/wp-json\/wp\/v2\/pages"}],"about":[{"href":"https:\/\/www.ribashcompany.com\/ar\/wp-json\/wp\/v2\/types\/page"}],"author":[{"embeddable":true,"href":"https:\/\/www.ribashcompany.com\/ar\/wp-json\/wp\/v2\/users\/1"}],"replies":[{"embeddable":true,"href":"https:\/\/www.ribashcompany.com\/ar\/wp-json\/wp\/v2\/comments?post=17271"}],"version-history":[{"count":8,"href":"https:\/\/www.ribashcompany.com\/ar\/wp-json\/wp\/v2\/pages\/17271\/revisions"}],"predecessor-version":[{"id":17290,"href":"https:\/\/www.ribashcompany.com\/ar\/wp-json\/wp\/v2\/pages\/17271\/revisions\/17290"}],"wp:attachment":[{"href":"https:\/\/www.ribashcompany.com\/ar\/wp-json\/wp\/v2\/media?parent=17271"}],"curies":[{"name":"wp","href":"https:\/\/api.w.org\/{rel}","templated":true}]}}